{"id":2719,"date":"2023-09-12T10:26:26","date_gmt":"2023-09-12T10:26:26","guid":{"rendered":"https:\/\/location-teychene.com\/?page_id=2719"},"modified":"2023-09-27T10:08:09","modified_gmt":"2023-09-27T10:08:09","slug":"mentions-legales","status":"publish","type":"page","link":"https:\/\/location-teychene.com\/en\/mentions-legales\/","title":{"rendered":"MENTIONS L\u00c9GALES"},"content":{"rendered":"<div data-elementor-type=\"wp-page\" data-elementor-id=\"2719\" class=\"elementor elementor-2719\" data-elementor-post-type=\"page\">\n\t\t\t\t\t\t\t<div class=\"elementor-element elementor-element-02d2cd1 e-flex e-con-boxed e-con e-parent\" data-id=\"02d2cd1\" data-element_type=\"container\" data-settings=\"{&quot;container_type&quot;:&quot;flex&quot;,&quot;content_width&quot;:&quot;boxed&quot;}\" data-core-v316-plus=\"true\">\n\t\t\t\t\t<div class=\"e-con-inner\">\n\t\t\t\t<div class=\"elementor-element elementor-element-3b33dae elementor-widget elementor-widget-heading\" data-id=\"3b33dae\" data-element_type=\"widget\" data-widget_type=\"heading.default\">\n\t\t\t\t<div class=\"elementor-widget-container\">\n\t\t\t<style>\/*! elementor - v3.17.0 - 08-11-2023 *\/\n.elementor-heading-title{padding:0;margin:0;line-height:1}.elementor-widget-heading .elementor-heading-title[class*=elementor-size-]>a{color:inherit;font-size:inherit;line-height:inherit}.elementor-widget-heading .elementor-heading-title.elementor-size-small{font-size:15px}.elementor-widget-heading .elementor-heading-title.elementor-size-medium{font-size:19px}.elementor-widget-heading .elementor-heading-title.elementor-size-large{font-size:29px}.elementor-widget-heading .elementor-heading-title.elementor-size-xl{font-size:39px}.elementor-widget-heading .elementor-heading-title.elementor-size-xxl{font-size:59px}<\/style><h2 class=\"elementor-heading-title elementor-size-default\">MENTIONS L\u00c9GALES<\/h2>\t\t<\/div>\n\t\t\t\t<\/div>\n\t\t\t\t<div class=\"elementor-element elementor-element-030c404 elementor-widget elementor-widget-text-editor\" data-id=\"030c404\" data-element_type=\"widget\" data-widget_type=\"text-editor.default\">\n\t\t\t\t<div class=\"elementor-widget-container\">\n\t\t\t<style>\/*! elementor - v3.17.0 - 08-11-2023 *\/\n.elementor-widget-text-editor.elementor-drop-cap-view-stacked .elementor-drop-cap{background-color:#69727d;color:#fff}.elementor-widget-text-editor.elementor-drop-cap-view-framed .elementor-drop-cap{color:#69727d;border:3px solid;background-color:transparent}.elementor-widget-text-editor:not(.elementor-drop-cap-view-default) .elementor-drop-cap{margin-top:8px}.elementor-widget-text-editor:not(.elementor-drop-cap-view-default) .elementor-drop-cap-letter{width:1em;height:1em}.elementor-widget-text-editor .elementor-drop-cap{float:left;text-align:center;line-height:1;font-size:50px}.elementor-widget-text-editor .elementor-drop-cap-letter{display:inline-block}<\/style>\t\t\t\t<p>La navigation sur ce site est soumise au respect des pr\u00e9sentes conditions d\u2019utilisation et des lois applicables en France \u00e0 la communication sur le r\u00e9seau internet. En acc\u00e9dant aux informations mises \u00e0 disposition par FINANCIERE TEYCHENE sur son site Internet, vous reconnaissez avoir pris connaissance des pr\u00e9sentes conditions d\u2019utilisation et les accepter.<\/p><p><span style=\"letter-spacing: 0px; text-align: var(--text-align);\"><b><br>\u00c9diteur<\/b><br><\/span><span style=\"letter-spacing: 0px; text-align: var(--text-align);\">Vous \u00eates actuellement connect\u00e9 au site www.location-teychene.com accessible \u00e0 l\u2019adresse suivante https:\/\/location-teychene.com\/.<\/span><\/p><p>Ce Site est \u00e9dit\u00e9 par la soci\u00e9t\u00e9 FINANCIERE TEYCHENE, (SAS), au capital social de 544 160 \u20ac, ayant son si\u00e8ge social 129 route d\u2019Albi 31200 Toulouse inscrite au Registre du Commerce et des Soci\u00e9t\u00e9s de Toulouse sous le num\u00e9ro unique d\u2019identification 342 225 620.<\/p>\n<p>Num\u00e9ro de t\u00e9l\u00e9phone : 05 34 256 350<br>Email : contact@financiere-teychene.com <br>Directeur de publication : Mme H\u00e9l\u00e8ne FOUCHER<\/p>\n<p><strong style=\"letter-spacing: 0px; text-align: var(--text-align);\"><br>H\u00e9bergement<br><\/strong><span style=\"letter-spacing: 0px; text-align: var(--text-align);\">Le Site est h\u00e9berg\u00e9 par la soci\u00e9t\u00e9 : OVH<\/span><\/p>\n<p>Adresse si\u00e8ge social : 2 rue Kellermann BP 80157 59100 <br>Roubaix Num\u00e9ro de t\u00e9l\u00e9phone : +339 72 10 10 07<\/p>\n<p><strong><br>Conception et R\u00e9alisation technique<\/strong> <br>DVN Communication <br>SARL au capital de 80 000 euros<br>RCS Toulouse B 449 862 127 Si\u00e8ge social : 23 rue des Chalets 31000 TOULOUSE \u2013 FRANCE<br>T\u00e9l: +33 (0)5 61 15 70 75 <br>Site : https:\/\/dvn.fr\/<\/p>\n<p><strong><br>Photographies<\/strong> <br>Dominique Viet <br>Site : https:\/\/dominiqueviet.pro\/<\/p>\n<p><strong><br>Informations <\/strong><br>La soci\u00e9t\u00e9 Financi\u00e8re Teychen\u00e9 est susceptible de modifier \u00e0 tout moment, sans notification pr\u00e9alable, le contenu et la pr\u00e9sentation de son site internet. En conformit\u00e9 avec l\u2019article 43 de la loi n\u00b086-1067 du 30 Septembre 1986, il est indiqu\u00e9 que le directeur de la publication du site est Mme. H\u00e9l\u00e8ne Foucher. <br>Vous disposez d\u2019un droit d\u2019acc\u00e8s, de modification, de rectification et de suppression des donn\u00e9es qui vous concernent (art. 3 de la loi \u201cInformatique et Libert\u00e9s\u201d du 6 Janvier 1978). Pour l\u2019exercer, merci de nous contacter (voir coordonn\u00e9es ci-dessous). La pr\u00e9sentation et le contenu du pr\u00e9sent site constituent, ensemble, une \u0153uvre prot\u00e9g\u00e9e par les lois en vigueur sur la propri\u00e9t\u00e9 intellectuelle, dont la soci\u00e9t\u00e9 Financi\u00e8re Teychen\u00e9 est titulaire. Aucune reproduction et\/ou repr\u00e9sentation, partielle ou int\u00e9grale, ne pourra en \u00eatre faite sans l\u2019accord pr\u00e9alable et \u00e9crit de la soci\u00e9t\u00e9 Financi\u00e8re Teychen\u00e9.<\/p>\t\t\t\t\t\t<\/div>\n\t\t\t\t<\/div>\n\t\t\t\t\t<\/div>\n\t\t\t\t<\/div>\n\t\t\t\t\t\t\t<\/div>","protected":false},"excerpt":{"rendered":"<p>MENTIONS L\u00c9GALES La navigation sur ce site est soumise au respect des pr\u00e9sentes conditions d\u2019utilisation et des lois applicables en France \u00e0 la communication sur le r\u00e9seau internet. En acc\u00e9dant aux informations mises \u00e0 disposition par FINANCIERE TEYCHENE sur son site Internet, vous reconnaissez avoir pris connaissance des pr\u00e9sentes conditions d\u2019utilisation et les accepter. \u00c9diteur [&hellip;]<\/p>","protected":false},"author":1,"featured_media":0,"parent":0,"menu_order":0,"comment_status":"closed","ping_status":"closed","template":"elementor_header_footer","meta":{"footnotes":""},"class_list":["post-2719","page","type-page","status-publish","hentry"],"acf":[],"yoast_head":"<!-- This site is optimized with the Yoast SEO plugin v21.5 - https:\/\/yoast.com\/wordpress\/plugins\/seo\/ -->\n<title>MENTIONS L\u00c9GALES - Bureaux et commerces \u00e0 louer<\/title>\n<meta name=\"robots\" content=\"noindex, follow\" \/>\n<meta property=\"og:locale\" content=\"en_GB\" \/>\n<meta property=\"og:type\" content=\"article\" \/>\n<meta property=\"og:title\" content=\"MENTIONS L\u00c9GALES - Bureaux et commerces \u00e0 louer\" \/>\n<meta property=\"og:description\" content=\"MENTIONS L\u00c9GALES La navigation sur ce site est soumise au respect des pr\u00e9sentes conditions d\u2019utilisation et des lois applicables en France \u00e0 la communication sur le r\u00e9seau internet. En acc\u00e9dant aux informations mises \u00e0 disposition par FINANCIERE TEYCHENE sur son site Internet, vous reconnaissez avoir pris connaissance des pr\u00e9sentes conditions d\u2019utilisation et les accepter. \u00c9diteur [&hellip;]\" \/>\n<meta property=\"og:url\" content=\"https:\/\/location-teychene.com\/en\/mentions-legales\/\" \/>\n<meta property=\"og:site_name\" content=\"Bureaux et commerces \u00e0 louer\" \/>\n<meta property=\"article:modified_time\" content=\"2023-09-27T10:08:09+00:00\" \/>\n<meta name=\"twitter:card\" content=\"summary_large_image\" \/>\n<meta name=\"twitter:label1\" content=\"Estimated reading time\" \/>\n\t<meta name=\"twitter:data1\" content=\"2 minutes\" \/>\n<script type=\"application\/ld+json\" class=\"yoast-schema-graph\">{\"@context\":\"https:\/\/schema.org\",\"@graph\":[{\"@type\":\"WebPage\",\"@id\":\"https:\/\/location-teychene.com\/mentions-legales\/\",\"url\":\"https:\/\/location-teychene.com\/mentions-legales\/\",\"name\":\"MENTIONS L\u00c9GALES - Bureaux et commerces \u00e0 louer\",\"isPartOf\":{\"@id\":\"https:\/\/location-teychene.com\/#website\"},\"datePublished\":\"2023-09-12T10:26:26+00:00\",\"dateModified\":\"2023-09-27T10:08:09+00:00\",\"breadcrumb\":{\"@id\":\"https:\/\/location-teychene.com\/mentions-legales\/#breadcrumb\"},\"inLanguage\":\"en-GB\",\"potentialAction\":[{\"@type\":\"ReadAction\",\"target\":[\"https:\/\/location-teychene.com\/mentions-legales\/\"]}]},{\"@type\":\"BreadcrumbList\",\"@id\":\"https:\/\/location-teychene.com\/mentions-legales\/#breadcrumb\",\"itemListElement\":[{\"@type\":\"ListItem\",\"position\":1,\"name\":\"Accueil\",\"item\":\"https:\/\/location-teychene.com\/\"},{\"@type\":\"ListItem\",\"position\":2,\"name\":\"MENTIONS L\u00c9GALES\"}]},{\"@type\":\"WebSite\",\"@id\":\"https:\/\/location-teychene.com\/#website\",\"url\":\"https:\/\/location-teychene.com\/\",\"name\":\"Bureaux et commerces \u00e0 louer Financi\u00e8re Teychen\u00e9\",\"description\":\"Garantissez le succ\u00e8s de votre nouvelle implantation\",\"publisher\":{\"@id\":\"https:\/\/location-teychene.com\/#organization\"},\"potentialAction\":[{\"@type\":\"SearchAction\",\"target\":{\"@type\":\"EntryPoint\",\"urlTemplate\":\"https:\/\/location-teychene.com\/?s={search_term_string}\"},\"query-input\":\"required name=search_term_string\"}],\"inLanguage\":\"en-GB\"},{\"@type\":\"Organization\",\"@id\":\"https:\/\/location-teychene.com\/#organization\",\"name\":\"Groupe Financi\u00e8re Teychen\u00e9\",\"url\":\"https:\/\/location-teychene.com\/\",\"logo\":{\"@type\":\"ImageObject\",\"inLanguage\":\"en-GB\",\"@id\":\"https:\/\/location-teychene.com\/#\/schema\/logo\/image\/\",\"url\":\"https:\/\/location-teychene.com\/wp-content\/uploads\/2023\/08\/LogoTEYCHENE.png\",\"contentUrl\":\"https:\/\/location-teychene.com\/wp-content\/uploads\/2023\/08\/LogoTEYCHENE.png\",\"width\":530,\"height\":114,\"caption\":\"Groupe Financi\u00e8re Teychen\u00e9\"},\"image\":{\"@id\":\"https:\/\/location-teychene.com\/#\/schema\/logo\/image\/\"},\"sameAs\":[\"https:\/\/www.linkedin.com\/company\/groupe-financire-teychen\/\"]}]}<\/script>\n<!-- \/ Yoast SEO plugin. -->","yoast_head_json":{"title":"MENTIONS L\u00c9GALES - Bureaux et commerces \u00e0 louer","robots":{"index":"noindex","follow":"follow"},"og_locale":"en_GB","og_type":"article","og_title":"MENTIONS L\u00c9GALES - Bureaux et commerces \u00e0 louer","og_description":"MENTIONS L\u00c9GALES La navigation sur ce site est soumise au respect des pr\u00e9sentes conditions d\u2019utilisation et des lois applicables en France \u00e0 la communication sur le r\u00e9seau internet. En acc\u00e9dant aux informations mises \u00e0 disposition par FINANCIERE TEYCHENE sur son site Internet, vous reconnaissez avoir pris connaissance des pr\u00e9sentes conditions d\u2019utilisation et les accepter. \u00c9diteur [&hellip;]","og_url":"https:\/\/location-teychene.com\/en\/mentions-legales\/","og_site_name":"Bureaux et commerces \u00e0 louer","article_modified_time":"2023-09-27T10:08:09+00:00","twitter_card":"summary_large_image","twitter_misc":{"Estimated reading time":"2 minutes"},"schema":{"@context":"https:\/\/schema.org","@graph":[{"@type":"WebPage","@id":"https:\/\/location-teychene.com\/mentions-legales\/","url":"https:\/\/location-teychene.com\/mentions-legales\/","name":"MENTIONS L\u00c9GALES - Bureaux et commerces \u00e0 louer","isPartOf":{"@id":"https:\/\/location-teychene.com\/#website"},"datePublished":"2023-09-12T10:26:26+00:00","dateModified":"2023-09-27T10:08:09+00:00","breadcrumb":{"@id":"https:\/\/location-teychene.com\/mentions-legales\/#breadcrumb"},"inLanguage":"en-GB","potentialAction":[{"@type":"ReadAction","target":["https:\/\/location-teychene.com\/mentions-legales\/"]}]},{"@type":"BreadcrumbList","@id":"https:\/\/location-teychene.com\/mentions-legales\/#breadcrumb","itemListElement":[{"@type":"ListItem","position":1,"name":"Accueil","item":"https:\/\/location-teychene.com\/"},{"@type":"ListItem","position":2,"name":"MENTIONS L\u00c9GALES"}]},{"@type":"WebSite","@id":"https:\/\/location-teychene.com\/#website","url":"https:\/\/location-teychene.com\/","name":"Bureaux et commerces \u00e0 louer Financi\u00e8re Teychen\u00e9","description":"Garantissez le succ\u00e8s de votre nouvelle implantation","publisher":{"@id":"https:\/\/location-teychene.com\/#organization"},"potentialAction":[{"@type":"SearchAction","target":{"@type":"EntryPoint","urlTemplate":"https:\/\/location-teychene.com\/?s={search_term_string}"},"query-input":"required name=search_term_string"}],"inLanguage":"en-GB"},{"@type":"Organization","@id":"https:\/\/location-teychene.com\/#organization","name":"Groupe Financi\u00e8re Teychen\u00e9","url":"https:\/\/location-teychene.com\/","logo":{"@type":"ImageObject","inLanguage":"en-GB","@id":"https:\/\/location-teychene.com\/#\/schema\/logo\/image\/","url":"https:\/\/location-teychene.com\/wp-content\/uploads\/2023\/08\/LogoTEYCHENE.png","contentUrl":"https:\/\/location-teychene.com\/wp-content\/uploads\/2023\/08\/LogoTEYCHENE.png","width":530,"height":114,"caption":"Groupe Financi\u00e8re Teychen\u00e9"},"image":{"@id":"https:\/\/location-teychene.com\/#\/schema\/logo\/image\/"},"sameAs":["https:\/\/www.linkedin.com\/company\/groupe-financire-teychen\/"]}]}},"_links":{"self":[{"href":"https:\/\/location-teychene.com\/en\/wp-json\/wp\/v2\/pages\/2719","targetHints":{"allow":["GET"]}}],"collection":[{"href":"https:\/\/location-teychene.com\/en\/wp-json\/wp\/v2\/pages"}],"about":[{"href":"https:\/\/location-teychene.com\/en\/wp-json\/wp\/v2\/types\/page"}],"author":[{"embeddable":true,"href":"https:\/\/location-teychene.com\/en\/wp-json\/wp\/v2\/users\/1"}],"replies":[{"embeddable":true,"href":"https:\/\/location-teychene.com\/en\/wp-json\/wp\/v2\/comments?post=2719"}],"version-history":[{"count":32,"href":"https:\/\/location-teychene.com\/en\/wp-json\/wp\/v2\/pages\/2719\/revisions"}],"predecessor-version":[{"id":3485,"href":"https:\/\/location-teychene.com\/en\/wp-json\/wp\/v2\/pages\/2719\/revisions\/3485"}],"wp:attachment":[{"href":"https:\/\/location-teychene.com\/en\/wp-json\/wp\/v2\/media?parent=2719"}],"curies":[{"name":"wp","href":"https:\/\/api.w.org\/{rel}","templated":true}]}}